{"id":3045,"date":"2020-06-22T12:48:42","date_gmt":"2020-06-22T09:48:42","guid":{"rendered":"https:\/\/programs.peaceofheaven.love\/nuestra-tienda\/"},"modified":"2022-12-12T10:27:48","modified_gmt":"2022-12-12T08:27:48","slug":"nuestra-tienda","status":"publish","type":"page","link":"https:\/\/programs.peaceofheaven.love\/es\/nuestra-tienda\/","title":{"rendered":"Nuestra tienda"},"content":{"rendered":"\t\t<div data-elementor-type=\"wp-page\" data-elementor-id=\"3045\" class=\"elementor elementor-3045 elementor-709\" data-elementor-post-type=\"page\">\n\t\t\t\t\t\t<section class=\"elementor-section elementor-top-section elementor-element elementor-element-8a49a9d elementor-section-boxed elementor-section-height-default elementor-section-height-default\" data-id=\"8a49a9d\" data-element_type=\"section\" data-e-type=\"section\">\n\t\t\t\t\t\t<div class=\"elementor-container elementor-column-gap-default\">\n\t\t\t\t\t<div class=\"elementor-column elementor-col-100 elementor-top-column elementor-element elementor-element-dcb8e64\" data-id=\"dcb8e64\" data-element_type=\"column\" data-e-type=\"column\">\n\t\t\t<div class=\"elementor-widget-wrap elementor-element-populated\">\n\t\t\t\t\t\t<div class=\"elementor-element elementor-element-205ed93 elementor-widget elementor-widget-text-editor\" data-id=\"205ed93\" data-element_type=\"widget\" data-e-type=\"widget\" data-widget_type=\"text-editor.default\">\n\t\t\t\t<div class=\"elementor-widget-container\">\n\t\t\t\t\t\t\t\t\t<p>Esta es la p\u00e1gina de su cat\u00e1logo de productos.<\/p>\n<p>Esta \u00e1rea debe eliminarse despu\u00e9s de que se publique el primer producto.<\/p>\n\t\t\t\t\t\t\t\t<\/div>\n\t\t\t\t<\/div>\n\t\t\t\t\t<\/div>\n\t\t<\/div>\n\t\t\t\t\t<\/div>\n\t\t<\/section>\n\t\t\t\t<section class=\"elementor-section elementor-top-section elementor-element elementor-element-348eaf8 elementor-section-boxed elementor-section-height-default elementor-section-height-default\" data-id=\"348eaf8\" data-element_type=\"section\" data-e-type=\"section\">\n\t\t\t\t\t\t<div class=\"elementor-container elementor-column-gap-default\">\n\t\t\t\t\t<div class=\"elementor-column elementor-col-100 elementor-top-column elementor-element elementor-element-7291337\" data-id=\"7291337\" data-element_type=\"column\" data-e-type=\"column\">\n\t\t\t<div class=\"elementor-widget-wrap elementor-element-populated\">\n\t\t\t\t\t\t<div class=\"elementor-element elementor-element-77e47b5 elementor-grid-3 elementor-grid-tablet-3 elementor-grid-mobile-2 elementor-products-grid elementor-wc-products elementor-show-pagination-border-yes elementor-widget elementor-widget-woocommerce-products\" data-id=\"77e47b5\" data-element_type=\"widget\" data-e-type=\"widget\" data-widget_type=\"woocommerce-products.default\">\n\t\t\t\t<div class=\"elementor-widget-container\">\n\t\t\t\t\t<div class=\"woocommerce columns-3 \"><div class=\"woocommerce-notices-wrapper\"><\/div><form class=\"woocommerce-ordering\" method=\"get\">\n\t\t<select\n\t\tname=\"orderby\"\n\t\tclass=\"orderby\"\n\t\t\t\t\taria-label=\"Pedido de la tienda\"\n\t\t\t>\n\t\t\t\t\t<option value=\"popularity\" >Ordenar por popularidad<\/option>\n\t\t\t\t\t<option value=\"date\" >Ordenar por los \u00faltimos<\/option>\n\t\t\t\t\t<option value=\"price\" >Ordenar por precio: bajo a alto<\/option>\n\t\t\t\t\t<option value=\"price-desc\"  selected='selected'>Ordenar por precio: alto a bajo<\/option>\n\t\t\t<\/select>\n\t<input type=\"hidden\" name=\"paged\" value=\"1\" \/>\n\t<\/form>\n<ul class=\"products elementor-grid columns-3\">\n<li class=\"product type-product post-3392 status-publish first instock product_cat--es has-post-thumbnail virtual sold-individually purchasable product-type-course\">\n\t<a href=\"https:\/\/programs.peaceofheaven.love\/es\/product\/puerta-al-cielo-16-acuerdos\/\" class=\"woocommerce-LoopProduct-link woocommerce-loop-product__link\"><img fetchpriority=\"high\" decoding=\"async\" width=\"300\" height=\"300\" src=\"https:\/\/programs.peaceofheaven.love\/wp-content\/uploads\/2022\/12\/esp-300x300.jpg\" class=\"attachment-woocommerce_thumbnail size-woocommerce_thumbnail\" alt=\"Puerta al cielo - 16 acuerdos\" srcset=\"https:\/\/programs.peaceofheaven.love\/wp-content\/uploads\/2022\/12\/esp.jpg 300w, https:\/\/programs.peaceofheaven.love\/wp-content\/uploads\/2022\/12\/esp-150x150.jpg 150w, https:\/\/programs.peaceofheaven.love\/wp-content\/uploads\/2022\/12\/esp-100x100.jpg 100w\" sizes=\"(max-width: 300px) 100vw, 300px\" \/><h2 class=\"woocommerce-loop-product__title\">Puerta al cielo &#8211; 16 acuerdos<\/h2>\n\t<span class=\"price\"><span class=\"woocommerce-Price-amount amount\"><bdi><span class=\"woocommerce-Price-currencySymbol\">&euro;<\/span>300,00<\/bdi><\/span><\/span>\n<\/a><a href=\"\/es\/wp-json\/wp\/v2\/pages\/3045?add-to-cart=3392\" aria-describedby=\"woocommerce_loop_add_to_cart_link_describedby_3392\" data-quantity=\"1\" class=\"button product_type_course add_to_cart_button ajax_add_to_cart\" data-product_id=\"3392\" data-product_sku=\"\" aria-label=\"Lee m\u00e1s sobre &ldquo;Puerta al cielo - 16 acuerdos&rdquo;\" rel=\"nofollow\">Add to cart<\/a>\t<span id=\"woocommerce_loop_add_to_cart_link_describedby_3392\" class=\"screen-reader-text\">\n\t\t\t<\/span>\n<\/li>\n<li class=\"product type-product post-5458 status-publish instock product_cat-19 has-post-thumbnail virtual purchasable product-type-simple\">\n\t<a href=\"https:\/\/programs.peaceofheaven.love\/es\/product\/%d7%a7%d7%95%d7%a8%d7%a1-%d7%91%d7%a0%d7%99%d7%a1%d7%99%d7%9d-%d7%a1%d7%a4%d7%a8-%d7%a2%d7%91%d7%95%d7%93%d7%94-%d7%9c%d7%aa%d7%9c%d7%9e%d7%99%d7%93%d7%99%d7%9d\/\" class=\"woocommerce-LoopProduct-link woocommerce-loop-product__link\"><img decoding=\"async\" width=\"300\" height=\"300\" src=\"https:\/\/programs.peaceofheaven.love\/wp-content\/uploads\/2023\/12\/\u05dc\u05d5\u05d2\u05d53-300x300.png\" class=\"attachment-woocommerce_thumbnail size-woocommerce_thumbnail\" alt=\"\u05e7\u05d5\u05e8\u05e1 \u05d1\u05e0\u05d9\u05e1\u05d9\u05dd - \u05e1\u05e4\u05e8 \u05e2\u05d1\u05d5\u05d3\u05d4 \u05dc\u05ea\u05dc\u05de\u05d9\u05d3\u05d9\u05dd\" srcset=\"https:\/\/programs.peaceofheaven.love\/wp-content\/uploads\/2023\/12\/\u05dc\u05d5\u05d2\u05d53-300x300.png 300w, https:\/\/programs.peaceofheaven.love\/wp-content\/uploads\/2023\/12\/\u05dc\u05d5\u05d2\u05d53-150x150.png 150w, https:\/\/programs.peaceofheaven.love\/wp-content\/uploads\/2023\/12\/\u05dc\u05d5\u05d2\u05d53-600x600.png 600w, https:\/\/programs.peaceofheaven.love\/wp-content\/uploads\/2023\/12\/\u05dc\u05d5\u05d2\u05d53-100x100.png 100w, https:\/\/programs.peaceofheaven.love\/wp-content\/uploads\/2023\/12\/\u05dc\u05d5\u05d2\u05d53.png 720w\" sizes=\"(max-width: 300px) 100vw, 300px\" \/><h2 class=\"woocommerce-loop-product__title\">\u05e7\u05d5\u05e8\u05e1 \u05d1\u05e0\u05d9\u05e1\u05d9\u05dd &#8211; \u05e1\u05e4\u05e8 \u05e2\u05d1\u05d5\u05d3\u05d4 \u05dc\u05ea\u05dc\u05de\u05d9\u05d3\u05d9\u05dd<\/h2>\n\t<span class=\"price\"><span class=\"woocommerce-Price-amount amount\"><bdi><span class=\"woocommerce-Price-currencySymbol\">&euro;<\/span>158,40<\/bdi><\/span><\/span>\n<\/a><a href=\"\/es\/wp-json\/wp\/v2\/pages\/3045?add-to-cart=5458\" aria-describedby=\"woocommerce_loop_add_to_cart_link_describedby_5458\" data-quantity=\"1\" class=\"button product_type_simple add_to_cart_button ajax_add_to_cart\" data-product_id=\"5458\" data-product_sku=\"\" aria-label=\"A\u00f1adir al carrito: &ldquo;\u05e7\u05d5\u05e8\u05e1 \u05d1\u05e0\u05d9\u05e1\u05d9\u05dd - \u05e1\u05e4\u05e8 \u05e2\u05d1\u05d5\u05d3\u05d4 \u05dc\u05ea\u05dc\u05de\u05d9\u05d3\u05d9\u05dd&rdquo;\" rel=\"nofollow\" data-success_message=\"\u00ab\u05e7\u05d5\u05e8\u05e1 \u05d1\u05e0\u05d9\u05e1\u05d9\u05dd - \u05e1\u05e4\u05e8 \u05e2\u05d1\u05d5\u05d3\u05d4 \u05dc\u05ea\u05dc\u05de\u05d9\u05d3\u05d9\u05dd\u00bb se ha a\u00f1adido a tu carrito\">\u05d4\u05d5\u05e1\u05e3 \u05dc\u05e2\u05d2\u05dc\u05ea \u05d4\u05e7\u05e0\u05d9\u05d5\u05ea<\/a>\t<span id=\"woocommerce_loop_add_to_cart_link_describedby_5458\" class=\"screen-reader-text\">\n\t\t\t<\/span>\n<\/li>\n<\/ul>\n<\/div>\t\t\t\t<\/div>\n\t\t\t\t<\/div>\n\t\t\t\t\t<\/div>\n\t\t<\/div>\n\t\t\t\t\t<\/div>\n\t\t<\/section>\n\t\t\t\t<\/div>\n\t\t","protected":false},"excerpt":{"rendered":"<p>Esta es la p\u00e1gina de su cat\u00e1logo de productos. Esta \u00e1rea debe eliminarse despu\u00e9s de que se publique el primer producto.<\/p>\n","protected":false},"author":2,"featured_media":0,"parent":0,"menu_order":0,"comment_status":"closed","ping_status":"closed","template":"","meta":{"footnotes":""},"class_list":["post-3045","page","type-page","status-publish","hentry"],"yoast_head":"<!-- This site is optimized with the Yoast SEO plugin v27.3 - https:\/\/yoast.com\/product\/yoast-seo-wordpress\/ -->\n<title>Nuestra tienda - Paz del Cielo<\/title>\n<meta name=\"robots\" content=\"index, follow, max-snippet:-1, max-image-preview:large, max-video-preview:-1\" \/>\n<link rel=\"canonical\" href=\"https:\/\/programs.peaceofheaven.love\/es\/nuestra-tienda\/\" \/>\n<meta property=\"og:locale\" content=\"es_ES\" \/>\n<meta property=\"og:type\" content=\"article\" \/>\n<meta property=\"og:title\" content=\"Nuestra tienda - Paz del Cielo\" \/>\n<meta property=\"og:description\" content=\"Esta es la p\u00e1gina de su cat\u00e1logo de productos. Esta \u00e1rea debe eliminarse despu\u00e9s de que se publique el primer producto.\" \/>\n<meta property=\"og:url\" content=\"https:\/\/programs.peaceofheaven.love\/es\/nuestra-tienda\/\" \/>\n<meta property=\"og:site_name\" content=\"Paz del Cielo\" \/>\n<meta property=\"article:modified_time\" content=\"2022-12-12T08:27:48+00:00\" \/>\n<meta name=\"twitter:card\" content=\"summary_large_image\" \/>\n<script type=\"application\/ld+json\" class=\"yoast-schema-graph\">{\"@context\":\"https:\\\/\\\/schema.org\",\"@graph\":[{\"@type\":\"WebPage\",\"@id\":\"https:\\\/\\\/programs.peaceofheaven.love\\\/es\\\/nuestra-tienda\\\/\",\"url\":\"https:\\\/\\\/programs.peaceofheaven.love\\\/es\\\/nuestra-tienda\\\/\",\"name\":\"Nuestra tienda - Paz del Cielo\",\"isPartOf\":{\"@id\":\"https:\\\/\\\/programs.peaceofheaven.love\\\/es\\\/#website\"},\"datePublished\":\"2020-06-22T09:48:42+00:00\",\"dateModified\":\"2022-12-12T08:27:48+00:00\",\"breadcrumb\":{\"@id\":\"https:\\\/\\\/programs.peaceofheaven.love\\\/es\\\/nuestra-tienda\\\/#breadcrumb\"},\"inLanguage\":\"es\",\"potentialAction\":[{\"@type\":\"ReadAction\",\"target\":[\"https:\\\/\\\/programs.peaceofheaven.love\\\/es\\\/nuestra-tienda\\\/\"]}]},{\"@type\":\"BreadcrumbList\",\"@id\":\"https:\\\/\\\/programs.peaceofheaven.love\\\/es\\\/nuestra-tienda\\\/#breadcrumb\",\"itemListElement\":[{\"@type\":\"ListItem\",\"position\":1,\"name\":\"\u05d3\u05e3 \u05d4\u05d1\u05d9\u05ea\",\"item\":\"https:\\\/\\\/programs.peaceofheaven.love\\\/es\\\/\"},{\"@type\":\"ListItem\",\"position\":2,\"name\":\"Nuestra tienda\"}]},{\"@type\":\"WebSite\",\"@id\":\"https:\\\/\\\/programs.peaceofheaven.love\\\/es\\\/#website\",\"url\":\"https:\\\/\\\/programs.peaceofheaven.love\\\/es\\\/\",\"name\":\"Paz del Cielo\",\"description\":\"\",\"publisher\":{\"@id\":\"https:\\\/\\\/programs.peaceofheaven.love\\\/es\\\/#organization\"},\"potentialAction\":[{\"@type\":\"SearchAction\",\"target\":{\"@type\":\"EntryPoint\",\"urlTemplate\":\"https:\\\/\\\/programs.peaceofheaven.love\\\/es\\\/?s={search_term_string}\"},\"query-input\":{\"@type\":\"PropertyValueSpecification\",\"valueRequired\":true,\"valueName\":\"search_term_string\"}}],\"inLanguage\":\"es\"},{\"@type\":\"Organization\",\"@id\":\"https:\\\/\\\/programs.peaceofheaven.love\\\/es\\\/#organization\",\"name\":\"Paz del Cielo\",\"url\":\"https:\\\/\\\/programs.peaceofheaven.love\\\/es\\\/\",\"logo\":{\"@type\":\"ImageObject\",\"inLanguage\":\"es\",\"@id\":\"https:\\\/\\\/programs.peaceofheaven.love\\\/es\\\/#\\\/schema\\\/logo\\\/image\\\/\",\"url\":\"https:\\\/\\\/programs.peaceofheaven.love\\\/wp-content\\\/uploads\\\/2020\\\/04\\\/logo.png\",\"contentUrl\":\"https:\\\/\\\/programs.peaceofheaven.love\\\/wp-content\\\/uploads\\\/2020\\\/04\\\/logo.png\",\"width\":152,\"height\":150,\"caption\":\"Paz del Cielo\"},\"image\":{\"@id\":\"https:\\\/\\\/programs.peaceofheaven.love\\\/es\\\/#\\\/schema\\\/logo\\\/image\\\/\"}}]}<\/script>\n<!-- \/ Yoast SEO plugin. -->","yoast_head_json":{"title":"Nuestra tienda - Paz del Cielo","robots":{"index":"index","follow":"follow","max-snippet":"max-snippet:-1","max-image-preview":"max-image-preview:large","max-video-preview":"max-video-preview:-1"},"canonical":"https:\/\/programs.peaceofheaven.love\/es\/nuestra-tienda\/","og_locale":"es_ES","og_type":"article","og_title":"Nuestra tienda - Paz del Cielo","og_description":"Esta es la p\u00e1gina de su cat\u00e1logo de productos. Esta \u00e1rea debe eliminarse despu\u00e9s de que se publique el primer producto.","og_url":"https:\/\/programs.peaceofheaven.love\/es\/nuestra-tienda\/","og_site_name":"Paz del Cielo","article_modified_time":"2022-12-12T08:27:48+00:00","twitter_card":"summary_large_image","schema":{"@context":"https:\/\/schema.org","@graph":[{"@type":"WebPage","@id":"https:\/\/programs.peaceofheaven.love\/es\/nuestra-tienda\/","url":"https:\/\/programs.peaceofheaven.love\/es\/nuestra-tienda\/","name":"Nuestra tienda - Paz del Cielo","isPartOf":{"@id":"https:\/\/programs.peaceofheaven.love\/es\/#website"},"datePublished":"2020-06-22T09:48:42+00:00","dateModified":"2022-12-12T08:27:48+00:00","breadcrumb":{"@id":"https:\/\/programs.peaceofheaven.love\/es\/nuestra-tienda\/#breadcrumb"},"inLanguage":"es","potentialAction":[{"@type":"ReadAction","target":["https:\/\/programs.peaceofheaven.love\/es\/nuestra-tienda\/"]}]},{"@type":"BreadcrumbList","@id":"https:\/\/programs.peaceofheaven.love\/es\/nuestra-tienda\/#breadcrumb","itemListElement":[{"@type":"ListItem","position":1,"name":"\u05d3\u05e3 \u05d4\u05d1\u05d9\u05ea","item":"https:\/\/programs.peaceofheaven.love\/es\/"},{"@type":"ListItem","position":2,"name":"Nuestra tienda"}]},{"@type":"WebSite","@id":"https:\/\/programs.peaceofheaven.love\/es\/#website","url":"https:\/\/programs.peaceofheaven.love\/es\/","name":"Paz del Cielo","description":"","publisher":{"@id":"https:\/\/programs.peaceofheaven.love\/es\/#organization"},"potentialAction":[{"@type":"SearchAction","target":{"@type":"EntryPoint","urlTemplate":"https:\/\/programs.peaceofheaven.love\/es\/?s={search_term_string}"},"query-input":{"@type":"PropertyValueSpecification","valueRequired":true,"valueName":"search_term_string"}}],"inLanguage":"es"},{"@type":"Organization","@id":"https:\/\/programs.peaceofheaven.love\/es\/#organization","name":"Paz del Cielo","url":"https:\/\/programs.peaceofheaven.love\/es\/","logo":{"@type":"ImageObject","inLanguage":"es","@id":"https:\/\/programs.peaceofheaven.love\/es\/#\/schema\/logo\/image\/","url":"https:\/\/programs.peaceofheaven.love\/wp-content\/uploads\/2020\/04\/logo.png","contentUrl":"https:\/\/programs.peaceofheaven.love\/wp-content\/uploads\/2020\/04\/logo.png","width":152,"height":150,"caption":"Paz del Cielo"},"image":{"@id":"https:\/\/programs.peaceofheaven.love\/es\/#\/schema\/logo\/image\/"}}]}},"_links":{"self":[{"href":"https:\/\/programs.peaceofheaven.love\/es\/wp-json\/wp\/v2\/pages\/3045","targetHints":{"allow":["GET"]}}],"collection":[{"href":"https:\/\/programs.peaceofheaven.love\/es\/wp-json\/wp\/v2\/pages"}],"about":[{"href":"https:\/\/programs.peaceofheaven.love\/es\/wp-json\/wp\/v2\/types\/page"}],"author":[{"embeddable":true,"href":"https:\/\/programs.peaceofheaven.love\/es\/wp-json\/wp\/v2\/users\/2"}],"replies":[{"embeddable":true,"href":"https:\/\/programs.peaceofheaven.love\/es\/wp-json\/wp\/v2\/comments?post=3045"}],"version-history":[{"count":0,"href":"https:\/\/programs.peaceofheaven.love\/es\/wp-json\/wp\/v2\/pages\/3045\/revisions"}],"wp:attachment":[{"href":"https:\/\/programs.peaceofheaven.love\/es\/wp-json\/wp\/v2\/media?parent=3045"}],"curies":[{"name":"wp","href":"https:\/\/api.w.org\/{rel}","templated":true}]}}