{"id":3392,"date":"2022-12-12T17:48:38","date_gmt":"2022-12-12T15:48:38","guid":{"rendered":"https:\/\/programs.peaceofheaven.love\/product\/puerta-al-cielo-16-acuerdos\/"},"modified":"2023-12-14T18:43:30","modified_gmt":"2023-12-14T16:43:30","slug":"puerta-al-cielo-16-acuerdos","status":"publish","type":"product","link":"https:\/\/programs.peaceofheaven.love\/es\/product\/puerta-al-cielo-16-acuerdos\/","title":{"rendered":"Puerta al cielo &#8211; 16 acuerdos"},"content":{"rendered":"<h3 dir=\"ltr\" style=\"text-align: left;\"><strong>La Ense\u00f1anza de \u00a0Paz ense\u00f1ada por Yeshua el Nazareno &#8211; Una Clave para Despertar<\/strong><\/h3>\n<h3 dir=\"ltr\" style=\"text-align: left;\"><strong>Primer Programa: Puerta al Cielo<\/strong><\/h3>\n<h3 dir=\"ltr\" style=\"text-align: left;\"><strong>Presentado al mundo a trav\u00e9s de las Mujeres de Paz Cielo y Tierra<\/strong><\/h3>\n<h3 dir=\"ltr\" style=\"text-align: left;\"><strong>Efrat Sar-Shalom y Shira Ben Chaim<\/strong><\/h3>\n<h3 dir=\"ltr\" style=\"text-align: left;\"><strong>Fundaci\u00f3n para la Paz del Cielo <\/strong><\/h3>\n<h3 dir=\"ltr\" style=\"text-align: left;\"><strong>Yerushalem 2023<\/strong><\/h3>\n","protected":false},"excerpt":{"rendered":"<p>La Ense\u00f1anza de \u00a0Paz ense\u00f1ada por Yeshua el Nazareno &#8211; Una Clave para Despertar Primer Programa: Puerta al Cielo Presentado al mundo a trav\u00e9s de las Mujeres de Paz Cielo y Tierra Efrat Sar-Shalom y Shira Ben Chaim Fundaci\u00f3n para la Paz del Cielo Yerushalem 2023<\/p>\n","protected":false},"featured_media":4381,"template":"","meta":[],"product_brand":[],"product_cat":[101],"product_tag":[],"class_list":{"0":"post-3392","1":"product","2":"type-product","3":"status-publish","4":"has-post-thumbnail","6":"product_cat--es","8":"first","9":"instock","10":"virtual","11":"sold-individually","12":"purchasable","13":"product-type-course"},"yoast_head":"<!-- This site is optimized with the Yoast SEO plugin v27.4 - https:\/\/yoast.com\/product\/yoast-seo-wordpress\/ -->\n<title>Puerta al cielo - 16 acuerdos - Paz del Cielo<\/title>\n<meta name=\"robots\" content=\"index, follow, max-snippet:-1, max-image-preview:large, max-video-preview:-1\" \/>\n<link rel=\"canonical\" href=\"https:\/\/programs.peaceofheaven.love\/es\/product\/puerta-al-cielo-16-acuerdos\/\" \/>\n<meta property=\"og:locale\" content=\"es_ES\" \/>\n<meta property=\"og:type\" content=\"article\" \/>\n<meta property=\"og:title\" content=\"Puerta al cielo - 16 acuerdos - Paz del Cielo\" \/>\n<meta property=\"og:description\" content=\"La Ense\u00f1anza de \u00a0Paz ense\u00f1ada por Yeshua el Nazareno &#8211; Una Clave para Despertar Primer Programa: Puerta al Cielo Presentado al mundo a trav\u00e9s de las Mujeres de Paz Cielo y Tierra Efrat Sar-Shalom y Shira Ben Chaim Fundaci\u00f3n para la Paz del Cielo Yerushalem 2023\" \/>\n<meta property=\"og:url\" content=\"https:\/\/programs.peaceofheaven.love\/es\/product\/puerta-al-cielo-16-acuerdos\/\" \/>\n<meta property=\"og:site_name\" content=\"Paz del Cielo\" \/>\n<meta property=\"article:modified_time\" content=\"2023-12-14T16:43:30+00:00\" \/>\n<meta property=\"og:image\" content=\"https:\/\/programs.peaceofheaven.love\/wp-content\/uploads\/2022\/12\/esp.jpg\" \/>\n\t<meta property=\"og:image:width\" content=\"300\" \/>\n\t<meta property=\"og:image:height\" content=\"300\" \/>\n\t<meta property=\"og:image:type\" content=\"image\/jpeg\" \/>\n<meta name=\"twitter:card\" content=\"summary_large_image\" \/>\n<meta name=\"twitter:label1\" content=\"Tiempo de lectura\" \/>\n\t<meta name=\"twitter:data1\" content=\"1 minuto\" \/>\n<script type=\"application\/ld+json\" class=\"yoast-schema-graph\">{\"@context\":\"https:\\\/\\\/schema.org\",\"@graph\":[{\"@type\":\"WebPage\",\"@id\":\"https:\\\/\\\/programs.peaceofheaven.love\\\/es\\\/product\\\/puerta-al-cielo-16-acuerdos\\\/\",\"url\":\"https:\\\/\\\/programs.peaceofheaven.love\\\/es\\\/product\\\/puerta-al-cielo-16-acuerdos\\\/\",\"name\":\"Puerta al cielo - 16 acuerdos - Paz del Cielo\",\"isPartOf\":{\"@id\":\"https:\\\/\\\/programs.peaceofheaven.love\\\/es\\\/#website\"},\"primaryImageOfPage\":{\"@id\":\"https:\\\/\\\/programs.peaceofheaven.love\\\/es\\\/product\\\/puerta-al-cielo-16-acuerdos\\\/#primaryimage\"},\"image\":{\"@id\":\"https:\\\/\\\/programs.peaceofheaven.love\\\/es\\\/product\\\/puerta-al-cielo-16-acuerdos\\\/#primaryimage\"},\"thumbnailUrl\":\"https:\\\/\\\/programs.peaceofheaven.love\\\/wp-content\\\/uploads\\\/2022\\\/12\\\/esp.jpg\",\"datePublished\":\"2022-12-12T15:48:38+00:00\",\"dateModified\":\"2023-12-14T16:43:30+00:00\",\"breadcrumb\":{\"@id\":\"https:\\\/\\\/programs.peaceofheaven.love\\\/es\\\/product\\\/puerta-al-cielo-16-acuerdos\\\/#breadcrumb\"},\"inLanguage\":\"es\",\"potentialAction\":[{\"@type\":\"ReadAction\",\"target\":[\"https:\\\/\\\/programs.peaceofheaven.love\\\/es\\\/product\\\/puerta-al-cielo-16-acuerdos\\\/\"]}]},{\"@type\":\"ImageObject\",\"inLanguage\":\"es\",\"@id\":\"https:\\\/\\\/programs.peaceofheaven.love\\\/es\\\/product\\\/puerta-al-cielo-16-acuerdos\\\/#primaryimage\",\"url\":\"https:\\\/\\\/programs.peaceofheaven.love\\\/wp-content\\\/uploads\\\/2022\\\/12\\\/esp.jpg\",\"contentUrl\":\"https:\\\/\\\/programs.peaceofheaven.love\\\/wp-content\\\/uploads\\\/2022\\\/12\\\/esp.jpg\",\"width\":300,\"height\":300,\"caption\":\"Puerta al cielo - 16 acuerdos\"},{\"@type\":\"BreadcrumbList\",\"@id\":\"https:\\\/\\\/programs.peaceofheaven.love\\\/es\\\/product\\\/puerta-al-cielo-16-acuerdos\\\/#breadcrumb\",\"itemListElement\":[{\"@type\":\"ListItem\",\"position\":1,\"name\":\"\u05d3\u05e3 \u05d4\u05d1\u05d9\u05ea\",\"item\":\"https:\\\/\\\/programs.peaceofheaven.love\\\/es\\\/\"},{\"@type\":\"ListItem\",\"position\":2,\"name\":\"Tienda\",\"item\":\"https:\\\/\\\/programs.peaceofheaven.love\\\/tienda\\\/\"},{\"@type\":\"ListItem\",\"position\":3,\"name\":\"Puerta al cielo &#8211; 16 acuerdos\"}]},{\"@type\":\"WebSite\",\"@id\":\"https:\\\/\\\/programs.peaceofheaven.love\\\/es\\\/#website\",\"url\":\"https:\\\/\\\/programs.peaceofheaven.love\\\/es\\\/\",\"name\":\"Paz del Cielo\",\"description\":\"\",\"publisher\":{\"@id\":\"https:\\\/\\\/programs.peaceofheaven.love\\\/es\\\/#organization\"},\"potentialAction\":[{\"@type\":\"SearchAction\",\"target\":{\"@type\":\"EntryPoint\",\"urlTemplate\":\"https:\\\/\\\/programs.peaceofheaven.love\\\/es\\\/?s={search_term_string}\"},\"query-input\":{\"@type\":\"PropertyValueSpecification\",\"valueRequired\":true,\"valueName\":\"search_term_string\"}}],\"inLanguage\":\"es\"},{\"@type\":\"Organization\",\"@id\":\"https:\\\/\\\/programs.peaceofheaven.love\\\/es\\\/#organization\",\"name\":\"Paz del Cielo\",\"url\":\"https:\\\/\\\/programs.peaceofheaven.love\\\/es\\\/\",\"logo\":{\"@type\":\"ImageObject\",\"inLanguage\":\"es\",\"@id\":\"https:\\\/\\\/programs.peaceofheaven.love\\\/es\\\/#\\\/schema\\\/logo\\\/image\\\/\",\"url\":\"https:\\\/\\\/programs.peaceofheaven.love\\\/wp-content\\\/uploads\\\/2020\\\/04\\\/logo.png\",\"contentUrl\":\"https:\\\/\\\/programs.peaceofheaven.love\\\/wp-content\\\/uploads\\\/2020\\\/04\\\/logo.png\",\"width\":152,\"height\":150,\"caption\":\"Paz del Cielo\"},\"image\":{\"@id\":\"https:\\\/\\\/programs.peaceofheaven.love\\\/es\\\/#\\\/schema\\\/logo\\\/image\\\/\"}}]}<\/script>\n<!-- \/ Yoast SEO plugin. -->","yoast_head_json":{"title":"Puerta al cielo - 16 acuerdos - Paz del Cielo","robots":{"index":"index","follow":"follow","max-snippet":"max-snippet:-1","max-image-preview":"max-image-preview:large","max-video-preview":"max-video-preview:-1"},"canonical":"https:\/\/programs.peaceofheaven.love\/es\/product\/puerta-al-cielo-16-acuerdos\/","og_locale":"es_ES","og_type":"article","og_title":"Puerta al cielo - 16 acuerdos - Paz del Cielo","og_description":"La Ense\u00f1anza de \u00a0Paz ense\u00f1ada por Yeshua el Nazareno &#8211; Una Clave para Despertar Primer Programa: Puerta al Cielo Presentado al mundo a trav\u00e9s de las Mujeres de Paz Cielo y Tierra Efrat Sar-Shalom y Shira Ben Chaim Fundaci\u00f3n para la Paz del Cielo Yerushalem 2023","og_url":"https:\/\/programs.peaceofheaven.love\/es\/product\/puerta-al-cielo-16-acuerdos\/","og_site_name":"Paz del Cielo","article_modified_time":"2023-12-14T16:43:30+00:00","og_image":[{"width":300,"height":300,"url":"https:\/\/programs.peaceofheaven.love\/wp-content\/uploads\/2022\/12\/esp.jpg","type":"image\/jpeg"}],"twitter_card":"summary_large_image","twitter_misc":{"Tiempo de lectura":"1 minuto"},"schema":{"@context":"https:\/\/schema.org","@graph":[{"@type":"WebPage","@id":"https:\/\/programs.peaceofheaven.love\/es\/product\/puerta-al-cielo-16-acuerdos\/","url":"https:\/\/programs.peaceofheaven.love\/es\/product\/puerta-al-cielo-16-acuerdos\/","name":"Puerta al cielo - 16 acuerdos - Paz del Cielo","isPartOf":{"@id":"https:\/\/programs.peaceofheaven.love\/es\/#website"},"primaryImageOfPage":{"@id":"https:\/\/programs.peaceofheaven.love\/es\/product\/puerta-al-cielo-16-acuerdos\/#primaryimage"},"image":{"@id":"https:\/\/programs.peaceofheaven.love\/es\/product\/puerta-al-cielo-16-acuerdos\/#primaryimage"},"thumbnailUrl":"https:\/\/programs.peaceofheaven.love\/wp-content\/uploads\/2022\/12\/esp.jpg","datePublished":"2022-12-12T15:48:38+00:00","dateModified":"2023-12-14T16:43:30+00:00","breadcrumb":{"@id":"https:\/\/programs.peaceofheaven.love\/es\/product\/puerta-al-cielo-16-acuerdos\/#breadcrumb"},"inLanguage":"es","potentialAction":[{"@type":"ReadAction","target":["https:\/\/programs.peaceofheaven.love\/es\/product\/puerta-al-cielo-16-acuerdos\/"]}]},{"@type":"ImageObject","inLanguage":"es","@id":"https:\/\/programs.peaceofheaven.love\/es\/product\/puerta-al-cielo-16-acuerdos\/#primaryimage","url":"https:\/\/programs.peaceofheaven.love\/wp-content\/uploads\/2022\/12\/esp.jpg","contentUrl":"https:\/\/programs.peaceofheaven.love\/wp-content\/uploads\/2022\/12\/esp.jpg","width":300,"height":300,"caption":"Puerta al cielo - 16 acuerdos"},{"@type":"BreadcrumbList","@id":"https:\/\/programs.peaceofheaven.love\/es\/product\/puerta-al-cielo-16-acuerdos\/#breadcrumb","itemListElement":[{"@type":"ListItem","position":1,"name":"\u05d3\u05e3 \u05d4\u05d1\u05d9\u05ea","item":"https:\/\/programs.peaceofheaven.love\/es\/"},{"@type":"ListItem","position":2,"name":"Tienda","item":"https:\/\/programs.peaceofheaven.love\/tienda\/"},{"@type":"ListItem","position":3,"name":"Puerta al cielo &#8211; 16 acuerdos"}]},{"@type":"WebSite","@id":"https:\/\/programs.peaceofheaven.love\/es\/#website","url":"https:\/\/programs.peaceofheaven.love\/es\/","name":"Paz del Cielo","description":"","publisher":{"@id":"https:\/\/programs.peaceofheaven.love\/es\/#organization"},"potentialAction":[{"@type":"SearchAction","target":{"@type":"EntryPoint","urlTemplate":"https:\/\/programs.peaceofheaven.love\/es\/?s={search_term_string}"},"query-input":{"@type":"PropertyValueSpecification","valueRequired":true,"valueName":"search_term_string"}}],"inLanguage":"es"},{"@type":"Organization","@id":"https:\/\/programs.peaceofheaven.love\/es\/#organization","name":"Paz del Cielo","url":"https:\/\/programs.peaceofheaven.love\/es\/","logo":{"@type":"ImageObject","inLanguage":"es","@id":"https:\/\/programs.peaceofheaven.love\/es\/#\/schema\/logo\/image\/","url":"https:\/\/programs.peaceofheaven.love\/wp-content\/uploads\/2020\/04\/logo.png","contentUrl":"https:\/\/programs.peaceofheaven.love\/wp-content\/uploads\/2020\/04\/logo.png","width":152,"height":150,"caption":"Paz del Cielo"},"image":{"@id":"https:\/\/programs.peaceofheaven.love\/es\/#\/schema\/logo\/image\/"}}]}},"_links":{"self":[{"href":"https:\/\/programs.peaceofheaven.love\/es\/wp-json\/wp\/v2\/product\/3392","targetHints":{"allow":["GET"]}}],"collection":[{"href":"https:\/\/programs.peaceofheaven.love\/es\/wp-json\/wp\/v2\/product"}],"about":[{"href":"https:\/\/programs.peaceofheaven.love\/es\/wp-json\/wp\/v2\/types\/product"}],"version-history":[{"count":0,"href":"https:\/\/programs.peaceofheaven.love\/es\/wp-json\/wp\/v2\/product\/3392\/revisions"}],"wp:featuredmedia":[{"embeddable":true,"href":"https:\/\/programs.peaceofheaven.love\/es\/wp-json\/wp\/v2\/media\/4381"}],"wp:attachment":[{"href":"https:\/\/programs.peaceofheaven.love\/es\/wp-json\/wp\/v2\/media?parent=3392"}],"wp:term":[{"taxonomy":"product_brand","embeddable":true,"href":"https:\/\/programs.peaceofheaven.love\/es\/wp-json\/wp\/v2\/product_brand?post=3392"},{"taxonomy":"product_cat","embeddable":true,"href":"https:\/\/programs.peaceofheaven.love\/es\/wp-json\/wp\/v2\/product_cat?post=3392"},{"taxonomy":"product_tag","embeddable":true,"href":"https:\/\/programs.peaceofheaven.love\/es\/wp-json\/wp\/v2\/product_tag?post=3392"}],"curies":[{"name":"wp","href":"https:\/\/api.w.org\/{rel}","templated":true}]}}